{"id":32,"date":"2016-02-24T15:35:22","date_gmt":"2016-02-24T14:35:22","guid":{"rendered":"http:\/\/botiga.nativa.cat\/?page_id=32"},"modified":"2025-11-26T14:05:37","modified_gmt":"2025-11-26T12:05:37","slug":"condicions","status":"publish","type":"page","link":"https:\/\/nativa.cat\/botiga\/condicions\/","title":{"rendered":"Condicions"},"content":{"rendered":"\n<p class=\"has-text-align-left\"><em>(al final de la p\u00e0gina tambi\u00e9n se pueden leer las condiciones en castellano)<\/em><\/p>\n\n\n\n<p><b>CONDICIONS GENERALS DE COMPRA<\/b><\/p>\n\n\n\n<p>Les presents condicions s\u2019apliquen a totes les transaccions comercials realitzades a trav\u00e9s de la nostra p\u00e0gina web https:\/\/nativa.cat\/botiga de la qual n\u2019\u00e9s titular M\u00fargola SCCL amb N.I.F: F06992804<\/p>\n\n\n\n<p><strong>Condicions generals:<\/strong><\/p>\n\n\n\n<p>Els preus dels productes exposats a la p\u00e0gina web inclouen l\u2019impost sobre el valor afegit (IVA).<\/p>\n\n\n\n<p><strong>Condicions de compra:<\/strong><\/p>\n\n\n\n<p>Per a fer una comanda, l\u2019usuari haur\u00e0 d\u2019inserir tots els articles que desitgi adquirir a la \u201ccistella\u201d i seguir les instruccions que s&#8217;hi indiquen. El preu inclou les despeses d\u2019enviament per correu a qualsevol indret de la Pen\u00ednsula o les Illes. Per altres destinacions, consulteu-ho enviant-nos un correu a info@indigestio.com<\/p>\n\n\n\n<p><strong>Condicions de pagament:<\/strong><\/p>\n\n\n\n<p>\u2022 El&nbsp;pagament s\u2019efectuar\u00e0 mitjan\u00e7ant targetes de cr\u00e8dit VISA i MasterCard o mitjan\u00e7ant transfer\u00e8ncia banc\u00e0ria.<\/p>\n\n\n\n<p>\u2022 En el cas del pagament mitjan\u00e7ant targeta, una&nbsp;vegada validada la compra, caldr\u00e0 omplir els 16 d\u00edgits del n\u00famero de la targeta, la data de caducitat i el codi de seguretat d\u2019aquesta (3 d\u00edgits de la part posterior de la targeta)<\/p>\n\n\n\n<p>\u2022 En el cas que la targeta no sigui acceptada, la comanda es cancel\u00b7lar\u00e0 autom\u00e0ticament i s\u2019informar\u00e0 el client que l&#8217;operaci\u00f3 no s\u2019ha dut a terme correctament.<\/p>\n\n\n\n<p><strong>Seguretat i confidencialitat:<\/strong><\/p>\n\n\n\n<p>\u2022 Indigesti\u00f3 Musical SL garanteix la seguretat i confidencialitat de totes les comunicacions amb els seus clients. Aix\u00ed, totes les operacions de pagament en l\u00ednia es faran a trav\u00e9s d\u2019un servidor segur, basat en l\u2019est\u00e0ndard SSL que protegeix les dades enfront d\u2019intents de violaci\u00f3 per part de tercers. D\u2019aquesta manera, Indigesti\u00f3 Musical SL garanteix la protecci\u00f3 i confidencialitat de les dades personals, domicili\u00e0ries, de pagament i de qualsevol altre tipus que ens proporcionin els nostres clients d\u2019acord amb el que es disposa a la Llei Org\u00e0nica 15\/1999, del 13 de desembre de 1999 de la Protecci\u00f3 de Dades de Car\u00e0cter Personal, aix\u00ed com en la Llei 34\/2002 de l\u201911 de juliol (LSSI).<\/p>\n\n\n\n<p>\u2022 Totes les dades facilitades pels nostres clients seran incloses en un fitxer autom\u00e0tic de dades de car\u00e0cter personal creat i mantingut sota la responsabilitat d\u2019Indigesti\u00f3 Musical SL.<\/p>\n\n\n\n<p>\u2022 En compliment d\u2019acord amb la Llei Org\u00e0nica 15\/1999 del 13 de desembre de 1999 i de la Llei 34\/2002 de l\u201911 de juliol (LSSI), els clients d\u2019Indigesti\u00f3 Musical SL poden, en tot moment, exercir els seus drets d\u2019acc\u00e9s, rectificaci\u00f3, cancel\u00b7laci\u00f3 i oposici\u00f3 sobre les seves dades personals posant-se en contacte mitjan\u00e7ant correu electr\u00f2nic a:<\/p>\n\n\n\n<p>M\u00fargola SCCL: <a href=\"mailto:info@lamurga.org\">info@lamurga.org<\/a>&nbsp;indicant, com a assumpte, \u201cdades personals de la web\u201d.<\/p>\n\n\n\n<p>&nbsp;<\/p>\n\n\n\n<hr class=\"wp-block-separator has-alpha-channel-opacity\"\/>\n\n\n\n<p>&nbsp;<\/p>\n\n\n\n<p><strong>CONDICIONES GENERALES DE COMPRA<\/strong><\/p>\n\n\n\n<p>Las presentes condiciones se aplican a todas las transacciones comerciales realizadas a trav\u00e9s de nuestra p\u00e1gina web https:\/\/nativa.cat\/botiga de la que es titular M\u00fargola SCCL con N.I.F: F06992804<\/p>\n\n\n\n<p><strong>Condiciones generales:<\/strong><\/p>\n\n\n\n<p>Los precios de los productos expuestos en la p\u00e1gina web incluyen el Impuesto sobre el Valor A\u00f1adido (IVA)<\/p>\n\n\n\n<p><strong>Condiciones de compra:<\/strong><\/p>\n\n\n\n<p>Para realizar un pedido, el usuario deber\u00e1 insertar todos los art\u00edculos que desee adquirir en la &#8220;cesta&#8221; y seguir las instrucciones que se indican. El precio incluye los gastos de env\u00edo por correo a&nbsp;cualquier lugar de la Pen\u00ednsula o las Islas. Para otros destinos, consultar enviando un correo a <a href=\"mailto:info@lamurga.org\" target=\"_blank\" rel=\"noopener\">info@lamurga.org<\/a><\/p>\n\n\n\n<p><strong>Condiciones de pago:<\/strong><\/p>\n\n\n\n<p>\u2022 El pago se efectuar\u00e1 mediante tarjetas de cr\u00e9dito VISA y MasterCard o mediante transferencia bancaria.<\/p>\n\n\n\n<p>\u2022 En el caso del pago mediante tarjeta, una vez validada la compra, deber\u00e1 rellenar los 16 d\u00edgitos del n\u00famero de la tarjeta, la fecha de caducidad y el c\u00f3digo de seguridad de la misma (3 d\u00edgitos de la parte posterior de la tarjeta)<\/p>\n\n\n\n<p>\u2022 En el caso de que la tarjeta no sea aceptada, el pedido se cancelar\u00e1 autom\u00e1ticamente y se informar\u00e1 al cliente de que la operaci\u00f3n no se ha realizado correctamente.<\/p>\n\n\n\n<p><strong>Seguridad y confidencialidad:<\/strong><\/p>\n\n\n\n<p>\u2022 Indigesti\u00f3 Musical SL garantiza la seguridad y confidencialidad de todas las comunicaciones con sus clientes. As\u00ed, todas las operaciones de pago on-line se realizan a trav\u00e9s de un servidor seguro, basado en el est\u00e1ndar SSL que protege los datos frente a intentos de violaci\u00f3n por parte de terceros. De esta manera, Indigesti\u00f3 Musical SL garantiza la protecci\u00f3n y confidencialidad de los datos personales, domiciliarios, de pago y de cualquier otro tipo que nos proporcionen nuestros clientes de acuerdo con lo dispuesto en la Ley Org\u00e1nica 15\/1999, de 13 de diciembre de 1999 de la Protecci\u00f3n de Datos de Car\u00e1cter Personal, as\u00ed como en la Ley 34\/2002 de 11 de julio (LSSI).<\/p>\n\n\n\n<p>\u2022 Todos los datos facilitados por nuestros clientes ser\u00e1n incluidos en un fichero autom\u00e1tico de datos de car\u00e1cter personal creado y mantenido bajo la responsabilidad de Indigesti\u00f3 Musical SL.<\/p>\n\n\n\n<p>\u2022 En cumplimiento de acuerdo con la Ley Org\u00e1nica 15\/1999 de 13 de diciembre de 1999 y de la Ley 34\/2002 del 11 de julio (LSSI), los clientes de Indigesti\u00f3 Musical SL pueden, en todo momento, ejercitar sus derechos de acceso, rectificaci\u00f3n, cancelaci\u00f3n &nbsp;y oposici\u00f3n sobre sus datos personales poni\u00e9ndose en contacto mediante correo electr\u00f3nico a:<\/p>\n\n\n\n<p>M\u00fargola SCCL: <a href=\"mailto:info@lamurga.org\" target=\"_blank\" rel=\"noopener\">info@lamurga.org<\/a> indicando, como asunto, &#8220;datos personales de la web&#8221;.<\/p>\n\n\n\n<p><\/p>\n","protected":false},"excerpt":{"rendered":"<p>(al final de la p\u00e0gina tambi\u00e9n se pueden leer las condiciones en castellano) CONDICIONS GENERALS DE COMPRA Les presents condicions s\u2019apliquen a totes les transaccions comercials realitzades a trav\u00e9s de la nostra p\u00e0gina web https:\/\/nativa.cat\/botiga de la qual n\u2019\u00e9s titular M\u00fargola SCCL amb N.I.F: F06992804 Condicions generals: Els preus dels productes exposats a la p\u00e0gina [&hellip;]<\/p>\n","protected":false},"author":1,"featured_media":0,"parent":0,"menu_order":0,"comment_status":"closed","ping_status":"closed","template":"","meta":{"jetpack_post_was_ever_published":false,"footnotes":""},"class_list":["post-32","page","type-page","status-publish","hentry"],"jetpack_sharing_enabled":true,"_links":{"self":[{"href":"https:\/\/nativa.cat\/botiga\/wp-json\/wp\/v2\/pages\/32","targetHints":{"allow":["GET"]}}],"collection":[{"href":"https:\/\/nativa.cat\/botiga\/wp-json\/wp\/v2\/pages"}],"about":[{"href":"https:\/\/nativa.cat\/botiga\/wp-json\/wp\/v2\/types\/page"}],"author":[{"embeddable":true,"href":"https:\/\/nativa.cat\/botiga\/wp-json\/wp\/v2\/users\/1"}],"replies":[{"embeddable":true,"href":"https:\/\/nativa.cat\/botiga\/wp-json\/wp\/v2\/comments?post=32"}],"version-history":[{"count":6,"href":"https:\/\/nativa.cat\/botiga\/wp-json\/wp\/v2\/pages\/32\/revisions"}],"predecessor-version":[{"id":266,"href":"https:\/\/nativa.cat\/botiga\/wp-json\/wp\/v2\/pages\/32\/revisions\/266"}],"wp:attachment":[{"href":"https:\/\/nativa.cat\/botiga\/wp-json\/wp\/v2\/media?parent=32"}],"curies":[{"name":"wp","href":"https:\/\/api.w.org\/{rel}","templated":true}]}}